{"id":9789,"date":"2016-06-18T07:37:34","date_gmt":"2016-06-18T12:37:34","guid":{"rendered":"http:\/\/webnus.biz\/themes\/easyweb\/small\/?page_id=9789"},"modified":"2017-07-24T15:18:14","modified_gmt":"2017-07-24T20:18:14","slug":"frutas-y-verduras","status":"publish","type":"page","link":"https:\/\/exportube.com","title":{"rendered":"Frutas y Verduras"},"content":{"rendered":"<p>[vc_row row_type=\u00bb1&#8243; animate=\u00bb\u00bb][vc_column][rev_slider_vc alias=\u00bbfrutas\u00bb][\/vc_column][\/vc_row][vc_row animate=\u00bb\u00bb][vc_column]<hr class=\"vertical-space3\">[vc_row_inner][vc_column_inner width=\u00bb1\/4&#8243;][vc_single_image image=\u00bb10041&#8243; img_size=\u00bbfull\u00bb alignment=\u00bbcenter\u00bb][vc_single_image image=\u00bb10040&#8243; img_size=\u00bbfull\u00bb alignment=\u00bbcenter\u00bb][vc_single_image image=\u00bb10039&#8243; img_size=\u00bbfull\u00bb alignment=\u00bbcenter\u00bb][vc_single_image image=\u00bb10038&#8243; img_size=\u00bbfull\u00bb alignment=\u00bbcenter\u00bb][\/vc_column_inner][vc_column_inner width=\u00bb1\/2&#8243;][vc_column_text]<\/p>\n<h1><strong>Nuestra empresa<\/strong><\/h1>\n<p>Empresa Ecuatoriana que naci\u00f3, para efectuar operaciones de comercio exterior y orientar sus actividades, hacia la promoci\u00f3n y comercializaci\u00f3n de bienes y productos ecuatorianos, en los mercados nacionales e internacionales. A la vez realiza servicio de importaci\u00f3n, representaci\u00f3n de compa\u00f1\u00edas internacionales, ingreso de productos, que deseen encontrar clientes, representaci\u00f3n y distribuci\u00f3n en Ecuador<\/p>\n<p>Nuestros proveedores, que han sido cuidadosamente seleccionados, nos permiten disponer siempre, de productos elaborados bajo altos est\u00e1ndares de calidad, dise\u00f1o, innovaci\u00f3n y valores agregados, siempre satisfaciendo a la exigencia de nuestros clientes en cualquier lugar del mundo.<\/p>\n<p>Alimentos en general, Agro industria, Pesca, Maderas,Miner\u00eda, Granos,Agro repuestos, calzado, accesorios, confecciones, construcci\u00f3n, materias primas e insumos. Nuestro portafolio de productos es variado seg\u00fan la necesidad del cliente.<\/p>\n<p>Queremos mantenernos a la vanguardia del mercado con innovaci\u00f3n, calidad, productividad, precios razonables, seguridad, excelente atenci\u00f3n, y eficiencia en todos nuestros productos y servicios son los motivos por los cuales nuestros clientes nos siguen prefiriendo.[\/vc_column_text][\/vc_column_inner][vc_column_inner width=\u00bb1\/4&#8243;]<blockquote class=\"max-quote\"><h2>Conf\u00eda en Exportube los mejores productos<\/h2><cite title=\"\"> <small><\/small><\/cite><\/blockquote>[vc_single_image image=\u00bb10044&#8243; img_size=\u00bbfull\u00bb alignment=\u00bbcenter\u00bb][vc_raw_html]JTNDYSUyMHN0eWxlJTNEJTIyd2lkdGglM0ExMDAlMjUlM0IlMjIlMjBjbGFzcyUzRCUyMmJ1dHRvbiUyMHJlZCUyMHNtYWxsJTIwJTIyJTIwaHJlZiUzRCUyMiUyMyUyMiUyMHRhcmdldCUzRCUyMl9ibGFuayUyMiUzRUZydXRhcyUyMHklMjBWZXJkdXJhcyUzQyUyRmElM0UlMEElM0NhJTIwc3R5bGUlM0QlMjJ3aWR0aCUzQTEwMCUyNSUzQiUyMiUyMGNsYXNzJTNEJTIyYnV0dG9uJTIwb3JhbmdlJTIwc21hbGwlMjAlMjIlMjBocmVmJTNEJTIyJTIzJTIyJTIwdGFyZ2V0JTNEJTIyX2JsYW5rJTIyJTNFUGVzY2Fkb3MlMjB5JTIwTWFyaXNjb3MlM0MlMkZhJTNFJTBBJTNDYSUyMHN0eWxlJTNEJTIyd2lkdGglM0ExMDAlMjUlM0IlMjIlMjBjbGFzcyUzRCUyMmJ1dHRvbiUyMGJsdWUlMjBzbWFsbCUyMCUyMiUyMGhyZWYlM0QlMjIlMjMlMjIlMjB0YXJnZXQlM0QlMjJfYmxhbmslMjIlM0VHcmFub3MlMjB5JTIwSGFyaW5hcyUzQyUyRmElM0UlMEElM0NhJTIwc3R5bGUlM0QlMjJ3aWR0aCUzQTEwMCUyNSUzQiUyMiUyMGNsYXNzJTNEJTIyYnV0dG9uJTIwamFkZSUyMHNtYWxsJTIwJTIyJTIwaHJlZiUzRCUyMiUyMyUyMiUyMHRhcmdldCUzRCUyMl9ibGFuayUyMiUzRUNvbnNlcnZhcyUzQyUyRmElM0U=[\/vc_raw_html][\/vc_column_inner][\/vc_row_inner][\/vc_column][\/vc_row][vc_row animate=\u00bb\u00bb blox_class=\u00bbborder-btm\u00bb][vc_column][vc_column_text]<\/p>\n<h1 class=\"respo-tagline\" style=\"text-align: center;\">Expor<strong><span style=\"color: #4ff37c;\">Tube<\/span><\/strong><\/h1>\n<p>[\/vc_column_text]<hr class=\"vertical-space1\">[vc_row_inner][vc_column_inner width=\u00bb1\/3&#8243;]<article class=\"icon-box\" ><img src=\"https:\/\/exportube.com\/wp-content\/uploads\/2016\/06\/quienes-somos.jpg\" alt=\"\" \/><h4><strong>Quienes somos<\/strong><\/h4><p>Todo acerca de nuestra empresa<\/p><\/article><hr class=\"vertical-space2\">[\/vc_column_inner][vc_column_inner width=\u00bb1\/3&#8243;]<article class=\"icon-box\" ><img src=\"https:\/\/exportube.com\/wp-content\/uploads\/2016\/06\/nuestros-servicios.jpg\" alt=\"\" \/><h4><strong>Nuestros servicios<\/strong><\/h4><p>Toda nuestra red de negocio<\/p><\/article><hr class=\"vertical-space2\">[\/vc_column_inner][vc_column_inner width=\u00bb1\/3&#8243;]<article class=\"icon-box\" ><img src=\"https:\/\/exportube.com\/wp-content\/uploads\/2016\/06\/red-negocios.jpg\" alt=\"\" \/><h4><strong>Red de negocios<\/strong><\/h4><p>Cual es el negocio en Exportube <\/p><\/article><hr class=\"vertical-space2\">[\/vc_column_inner][\/vc_row_inner][\/vc_column][\/vc_row]<\/p>\n","protected":false},"excerpt":{"rendered":"<p>[vc_row row_type=\u00bb1&#8243; animate=\u00bb\u00bb][vc_column][rev_slider_vc alias=\u00bbfrutas\u00bb][\/vc_column][\/vc_row][vc_row animate=\u00bb\u00bb][vc_column][vc_row_inner][vc_column_inner width=\u00bb1\/4&#8243;][vc_single_image image=\u00bb10041&#8243; img_size=\u00bbfull\u00bb alignment=\u00bbcenter\u00bb][vc_single_image image=\u00bb10040&#8243; img_size=\u00bbfull\u00bb alignment=\u00bbcenter\u00bb][vc_single_image image=\u00bb10039&#8243; img_size=\u00bbfull\u00bb alignment=\u00bbcenter\u00bb][vc_single_image image=\u00bb10038&#8243; img_size=\u00bbfull\u00bb alignment=\u00bbcenter\u00bb][\/vc_column_inner][vc_column_inner width=\u00bb1\/2&#8243;][vc_column_text] Nuestra empresa Empresa Ecuatoriana que naci\u00f3, para efectuar operaciones de comercio exterior y orientar sus actividades, hacia la promoci\u00f3n y comercializaci\u00f3n de bienes y productos ecuatorianos, en los mercados nacionales e internacionales. A la vez realiza servicio de importaci\u00f3n, representaci\u00f3n de compa\u00f1\u00edas internacionales, ingreso de productos, que deseen encontrar clientes, representaci\u00f3n y distribuci\u00f3n en Ecuador Nuestros proveedores, que han sido cuidadosamente seleccionados, nos permiten disponer siempre, de productos elaborados bajo altos est\u00e1ndares de calidad, dise\u00f1o, innovaci\u00f3n y valores agregados, siempre satisfaciendo a la exigencia de nuestros clientes en cualquier lugar del mundo. Alimentos en general, Agro industria, Pesca, Maderas,Miner\u00eda, Granos,Agro repuestos, calzado, accesorios, confecciones, construcci\u00f3n, materias primas e insumos. Nuestro portafolio de productos es variado seg\u00fan la necesidad del cliente. Queremos mantenernos a la vanguardia del mercado con innovaci\u00f3n, calidad, productividad, precios razonables, seguridad, excelente atenci\u00f3n, y eficiencia en todos nuestros productos y servicios son los motivos por los cuales nuestros clientes nos siguen prefiriendo.[\/vc_column_text][\/vc_column_inner][vc_column_inner width=\u00bb1\/4&#8243;][vc_single_image image=\u00bb10044&#8243; img_size=\u00bbfull\u00bb alignment=\u00bbcenter\u00bb][vc_raw_html]JTNDYSUyMHN0eWxlJTNEJTIyd2lkdGglM0ExMDAlMjUlM0IlMjIlMjBjbGFzcyUzRCUyMmJ1dHRvbiUyMHJlZCUyMHNtYWxsJTIwJTIyJTIwaHJlZiUzRCUyMiUyMyUyMiUyMHRhcmdldCUzRCUyMl9ibGFuayUyMiUzRUZydXRhcyUyMHklMjBWZXJkdXJhcyUzQyUyRmElM0UlMEElM0NhJTIwc3R5bGUlM0QlMjJ3aWR0aCUzQTEwMCUyNSUzQiUyMiUyMGNsYXNzJTNEJTIyYnV0dG9uJTIwb3JhbmdlJTIwc21hbGwlMjAlMjIlMjBocmVmJTNEJTIyJTIzJTIyJTIwdGFyZ2V0JTNEJTIyX2JsYW5rJTIyJTNFUGVzY2Fkb3MlMjB5JTIwTWFyaXNjb3MlM0MlMkZhJTNFJTBBJTNDYSUyMHN0eWxlJTNEJTIyd2lkdGglM0ExMDAlMjUlM0IlMjIlMjBjbGFzcyUzRCUyMmJ1dHRvbiUyMGJsdWUlMjBzbWFsbCUyMCUyMiUyMGhyZWYlM0QlMjIlMjMlMjIlMjB0YXJnZXQlM0QlMjJfYmxhbmslMjIlM0VHcmFub3MlMjB5JTIwSGFyaW5hcyUzQyUyRmElM0UlMEElM0NhJTIwc3R5bGUlM0QlMjJ3aWR0aCUzQTEwMCUyNSUzQiUyMiUyMGNsYXNzJTNEJTIyYnV0dG9uJTIwamFkZSUyMHNtYWxsJTIwJTIyJTIwaHJlZiUzRCUyMiUyMyUyMiUyMHRhcmdldCUzRCUyMl9ibGFuayUyMiUzRUNvbnNlcnZhcyUzQyUyRmElM0U=[\/vc_raw_html][\/vc_column_inner][\/vc_row_inner][\/vc_column][\/vc_row][vc_row animate=\u00bb\u00bb blox_class=\u00bbborder-btm\u00bb][vc_column][vc_column_text] ExporTube [\/vc_column_text][vc_row_inner][vc_column_inner width=\u00bb1\/3&#8243;][\/vc_column_inner][vc_column_inner width=\u00bb1\/3&#8243;][\/vc_column_inner][vc_column_inner width=\u00bb1\/3&#8243;][\/vc_column_inner][\/vc_row_inner][\/vc_column][\/vc_row]<\/p>\n","protected":false},"author":1,"featured_media":0,"parent":0,"menu_order":0,"comment_status":"closed","ping_status":"closed","template":"","meta":{"footnotes":""},"_links":{"self":[{"href":"https:\/\/exportube.com\/index.php?rest_route=\/wp\/v2\/pages\/9789"}],"collection":[{"href":"https:\/\/exportube.com\/index.php?rest_route=\/wp\/v2\/pages"}],"about":[{"href":"https:\/\/exportube.com\/index.php?rest_route=\/wp\/v2\/types\/page"}],"author":[{"embeddable":true,"href":"https:\/\/exportube.com\/index.php?rest_route=\/wp\/v2\/users\/1"}],"replies":[{"embeddable":true,"href":"https:\/\/exportube.com\/index.php?rest_route=%2Fwp%2Fv2%2Fcomments&post=9789"}],"version-history":[{"count":47,"href":"https:\/\/exportube.com\/index.php?rest_route=\/wp\/v2\/pages\/9789\/revisions"}],"predecessor-version":[{"id":10568,"href":"https:\/\/exportube.com\/index.php?rest_route=\/wp\/v2\/pages\/9789\/revisions\/10568"}],"wp:attachment":[{"href":"https:\/\/exportube.com\/index.php?rest_route=%2Fwp%2Fv2%2Fmedia&parent=9789"}],"curies":[{"name":"wp","href":"https:\/\/api.w.org\/{rel}","templated":true}]}}