{"id":10362,"date":"2017-05-23T08:25:41","date_gmt":"2017-05-23T13:25:41","guid":{"rendered":"http:\/\/exportube.com\/?page_id=10362"},"modified":"2017-06-08T23:02:20","modified_gmt":"2017-06-09T04:02:20","slug":"limon-2","status":"publish","type":"page","link":"https:\/\/exportube.com?page_id=10362","title":{"rendered":"Lim\u00f3n"},"content":{"rendered":"<p>[vc_row][vc_column]<hr class=\"vertical-space1\">[\/vc_column][\/vc_row][vc_row animate=\u00bb\u00bb][vc_column width=\u00bb2\/3&#8243;][vc_tabs interval=\u00bb0&#8243; el_class=\u00bbsombras\u00bb][vc_tab icon_color=\u00bb#81d742&#8243; icon_name=\u00bbicon-picture\u00bb title=\u00bbPresentaci\u00f3n\u00bb tab_id=\u00bb1387697993-1-70&#8243;][vc_row_inner][vc_column_inner width=\u00bb1\/2&#8243;]<hr class=\"vertical-space5\"><a href=\"?product=limon\" class=\"button blue rounded large  \" target=\"_self\">Lim\u00f3n<\/a><hr class=\"vertical-space1\">[vc_single_image image=\u00bb10285&#8243; img_size=\u00bbfull\u00bb alignment=\u00bbcenter\u00bb]<hr class=\"vertical-space4\">[\/vc_column_inner][vc_column_inner width=\u00bb1\/2&#8243; css=\u00bb.vc_custom_1494966315530{background-position: 0 0 !important;background-repeat: no-repeat !important;}\u00bb][vc_column_text css=\u00bb.vc_custom_1496980549998{background-position: 0 0 !important;background-repeat: no-repeat !important;}\u00bb]El lim\u00f3n Tahiti, o tambi\u00e9n conocido como lim\u00f3n persa tiene una mayor producci\u00f3n en la Costa.<\/p>\n<p>Contamos con una producci\u00f3n del 100% durante los meses de octubre hasta abril y de un 30% durante el resto del a\u00f1o.<\/p>\n<p>El lim\u00f3n persa es de tama\u00f1o mediano, la pulpa es verde-amarilla y no contiene semillas. La c\u00e1scara presenta una coloraci\u00f3n verde, desde tonalidades intensas hasta claras. El peso promedio del fruto es de 76 g.<\/p>\n<p>La fruta se despacha en contenedores de 40&#8242; con 20 pallets de 70 a 63 cajas cada uno, dependiendo de los requerimientos del cliente.<\/p>\n<p>El total de cajas por contenedor es de 1400 cajas aprox.<\/p>\n<p>En cuanto al empaque de la fruta cada mercado tiene sus preferencias. En el caso de Estados Unidos, la fruta va en cajas de 18,14 Kg. y para Europa se empaca en cajas de 4,5 Kg.<\/p>\n<p>Calibres: 110, 150, 175, 200 y 250[\/vc_column_text][\/vc_column_inner][\/vc_row_inner][\/vc_tab][\/vc_tabs][vc_row_inner][vc_column_inner]\n\t<div class=\"subtitle-element subtitle-element3\">\n\t\t<h1>Disponible anual<\/h1>\n\t<\/div>[\/vc_column_inner][\/vc_row_inner][\/vc_column][vc_column width=\u00bb1\/3&#8243;][vc_single_image image=\u00bb10075&#8243; img_size=\u00bbfull\u00bb alignment=\u00bbcenter\u00bb onclick=\u00bbcustom_link\u00bb link=\u00bb?product=limon\u00bb]<hr class=\"vertical-space1\">[vc_row_inner css=\u00bb.vc_custom_1495546127736{padding-top: 60px !important;padding-bottom: 60px !important;background-image: url(http:\/\/exportube.com\/wp-content\/uploads\/2017\/05\/limon-para-dejar-de-fumar.jpg?id=10366) !important;}\u00bb][vc_column_inner el_class=\u00bbalignright\u00bb width=\u00bb1\/3&#8243;][\/vc_column_inner][vc_column_inner width=\u00bb1\/3&#8243;]<div class=\"video-play-btn-wrap\"><a href=\"https:\/\/www.youtube.com\/watch?v=x6gZcIOAnrM\" class=\"fancybox-media videolb video-play-btn \"><i class=\"fa-play\" style=\" color:#ffffff;\"><\/i><\/a><\/div>[\/vc_column_inner][vc_column_inner width=\u00bb1\/3&#8243;][\/vc_column_inner][\/vc_row_inner][\/vc_column][\/vc_row][vc_row][vc_column][vc_column_text]<\/p>\n<table border=\"0\" width=\"100%\">\n<tbody>\n<tr>\n<td colspan=\"2\" bgcolor=\"#FFF9E8\">Disponibilidad ALTA<\/td>\n<td bgcolor=\"#FFF9E8\"><img decoding=\"async\" loading=\"lazy\" class=\"alignnone size-full wp-image-10396\" src=\"http:\/\/exportube.com\/wp-content\/uploads\/2017\/05\/color-02.png\" alt=\"\" width=\"286\" height=\"167\" \/><\/td>\n<td colspan=\"2\" bgcolor=\"#FFF9E8\">Disponibilidad MEDIA<\/td>\n<td bgcolor=\"#FFF9E8\"><img decoding=\"async\" loading=\"lazy\" class=\"alignnone size-full wp-image-10397\" src=\"http:\/\/exportube.com\/wp-content\/uploads\/2017\/05\/color-03.png\" alt=\"\" width=\"286\" height=\"167\" \/><\/td>\n<td colspan=\"2\" bgcolor=\"#FFF9E8\">Disponibilidad BAJA<\/td>\n<td bgcolor=\"#FFF9E8\"><img decoding=\"async\" loading=\"lazy\" class=\"alignnone size-full wp-image-10398\" src=\"http:\/\/exportube.com\/wp-content\/uploads\/2017\/05\/color-04.png\" alt=\"\" width=\"286\" height=\"167\" \/><\/td>\n<td colspan=\"2\" bgcolor=\"#FFF9E8\">No Disponible<\/td>\n<td bgcolor=\"#FFF9E8\"><img decoding=\"async\" loading=\"lazy\" class=\"alignnone size-full wp-image-10395\" src=\"http:\/\/exportube.com\/wp-content\/uploads\/2017\/05\/color-01.png\" alt=\"\" width=\"286\" height=\"167\" \/><\/td>\n<\/tr>\n<tr>\n<td style=\"text-align: center; width: 8.33%;\" bgcolor=\"#EDEDED\">Ene<\/td>\n<td style=\"text-align: center; width: 8.33%;\" bgcolor=\"#EDEDED\">Feb<\/td>\n<td style=\"text-align: center; width: 8.33%;\" bgcolor=\"#EDEDED\">Mar<\/td>\n<td style=\"text-align: center; width: 8.33%;\" bgcolor=\"#EDEDED\">Abr<\/td>\n<td style=\"text-align: center; width: 8.33%;\" bgcolor=\"#EDEDED\">May<\/td>\n<td style=\"text-align: center; width: 8.33%;\" bgcolor=\"#EDEDED\">Jun<\/td>\n<td style=\"text-align: center; width: 8.33%;\" bgcolor=\"#EDEDED\">Jul<\/td>\n<td style=\"text-align: center; width: 8.33%;\" bgcolor=\"#EDEDED\">Ago<\/td>\n<td style=\"text-align: center; width: 8.33%;\" bgcolor=\"#EDEDED\">Sep<\/td>\n<td style=\"text-align: center; width: 8.33%;\" bgcolor=\"#EDEDED\">Oct<\/td>\n<td style=\"text-align: center; width: 8.33%;\" bgcolor=\"#EDEDED\">Nov<\/td>\n<td style=\"text-align: center; width: 8.33%;\" bgcolor=\"#EDEDED\">Dic<\/td>\n<\/tr>\n<tr>\n<td align=\"center\"><img decoding=\"async\" loading=\"lazy\" class=\"alignnone size-full wp-image-10244\" src=\"http:\/\/exportube.com\/wp-content\/uploads\/2017\/05\/limon.png\" alt=\"\" width=\"210\" height=\"220\" \/><\/td>\n<td align=\"center\"><img decoding=\"async\" loading=\"lazy\" class=\"alignnone size-full wp-image-10244\" src=\"http:\/\/exportube.com\/wp-content\/uploads\/2017\/05\/limon.png\" alt=\"\" width=\"210\" height=\"220\" \/><\/td>\n<td align=\"center\"><img decoding=\"async\" loading=\"lazy\" class=\"alignnone size-full wp-image-10244\" src=\"http:\/\/exportube.com\/wp-content\/uploads\/2017\/05\/limon.png\" alt=\"\" width=\"210\" height=\"220\" \/><\/td>\n<td align=\"center\"><img decoding=\"async\" loading=\"lazy\" class=\"alignnone size-full wp-image-10244\" src=\"http:\/\/exportube.com\/wp-content\/uploads\/2017\/05\/limon.png\" alt=\"\" width=\"210\" height=\"220\" \/><\/td>\n<td align=\"center\"><\/td>\n<td align=\"center\"><\/td>\n<td align=\"center\"><\/td>\n<td align=\"center\"><\/td>\n<td align=\"center\"><\/td>\n<td align=\"center\"><\/td>\n<td align=\"center\"><\/td>\n<td align=\"center\"><img decoding=\"async\" loading=\"lazy\" class=\"alignnone size-full wp-image-10244\" src=\"http:\/\/exportube.com\/wp-content\/uploads\/2017\/05\/limon.png\" alt=\"\" width=\"210\" height=\"220\" \/><\/td>\n<\/tr>\n<tr>\n<td><img decoding=\"async\" loading=\"lazy\" class=\"alignnone size-full wp-image-10396\" src=\"http:\/\/exportube.com\/wp-content\/uploads\/2017\/05\/color-02.png\" alt=\"\" width=\"286\" height=\"167\" \/><\/td>\n<td><img decoding=\"async\" loading=\"lazy\" class=\"alignnone size-full wp-image-10396\" src=\"http:\/\/exportube.com\/wp-content\/uploads\/2017\/05\/color-02.png\" alt=\"\" width=\"286\" height=\"167\" \/><\/td>\n<td><img decoding=\"async\" loading=\"lazy\" class=\"alignnone size-full wp-image-10396\" src=\"http:\/\/exportube.com\/wp-content\/uploads\/2017\/05\/color-02.png\" alt=\"\" width=\"286\" height=\"167\" \/><\/td>\n<td><img decoding=\"async\" loading=\"lazy\" class=\"alignnone size-full wp-image-10396\" src=\"http:\/\/exportube.com\/wp-content\/uploads\/2017\/05\/color-02.png\" alt=\"\" width=\"286\" height=\"167\" \/><\/td>\n<td><img decoding=\"async\" loading=\"lazy\" class=\"alignnone size-full wp-image-10395\" src=\"http:\/\/exportube.com\/wp-content\/uploads\/2017\/05\/color-01.png\" alt=\"\" width=\"286\" height=\"167\" \/><\/td>\n<td><img decoding=\"async\" loading=\"lazy\" class=\"alignnone size-full wp-image-10395\" src=\"http:\/\/exportube.com\/wp-content\/uploads\/2017\/05\/color-01.png\" alt=\"\" width=\"286\" height=\"167\" \/><\/td>\n<td><img decoding=\"async\" loading=\"lazy\" class=\"alignnone size-full wp-image-10395\" src=\"http:\/\/exportube.com\/wp-content\/uploads\/2017\/05\/color-01.png\" alt=\"\" width=\"286\" height=\"167\" \/><\/td>\n<td><img decoding=\"async\" loading=\"lazy\" class=\"alignnone size-full wp-image-10395\" src=\"http:\/\/exportube.com\/wp-content\/uploads\/2017\/05\/color-01.png\" alt=\"\" width=\"286\" height=\"167\" \/><\/td>\n<td><img decoding=\"async\" loading=\"lazy\" class=\"alignnone size-full wp-image-10395\" src=\"http:\/\/exportube.com\/wp-content\/uploads\/2017\/05\/color-01.png\" alt=\"\" width=\"286\" height=\"167\" \/><\/td>\n<td><img decoding=\"async\" loading=\"lazy\" class=\"alignnone size-full wp-image-10395\" src=\"http:\/\/exportube.com\/wp-content\/uploads\/2017\/05\/color-01.png\" alt=\"\" width=\"286\" height=\"167\" \/><\/td>\n<td><img decoding=\"async\" loading=\"lazy\" class=\"alignnone size-full wp-image-10395\" src=\"http:\/\/exportube.com\/wp-content\/uploads\/2017\/05\/color-01.png\" alt=\"\" width=\"286\" height=\"167\" \/><\/td>\n<td><img decoding=\"async\" loading=\"lazy\" class=\"alignnone size-full wp-image-10396\" src=\"http:\/\/exportube.com\/wp-content\/uploads\/2017\/05\/color-02.png\" alt=\"\" width=\"286\" height=\"167\" \/><\/td>\n<\/tr>\n<\/tbody>\n<\/table>\n<p>[\/vc_column_text][\/vc_column][\/vc_row]<\/p>\n","protected":false},"excerpt":{"rendered":"<p>[vc_row][vc_column][\/vc_column][\/vc_row][vc_row animate=\u00bb\u00bb][vc_column width=\u00bb2\/3&#8243;][vc_tabs interval=\u00bb0&#8243; el_class=\u00bbsombras\u00bb][vc_tab icon_color=\u00bb#81d742&#8243; icon_name=\u00bbicon-picture\u00bb title=\u00bbPresentaci\u00f3n\u00bb tab_id=\u00bb1387697993-1-70&#8243;][vc_row_inner][vc_column_inner width=\u00bb1\/2&#8243;][vc_single_image image=\u00bb10285&#8243; img_size=\u00bbfull\u00bb alignment=\u00bbcenter\u00bb][\/vc_column_inner][vc_column_inner width=\u00bb1\/2&#8243; css=\u00bb.vc_custom_1494966315530{background-position: 0 0 !important;background-repeat: no-repeat !important;}\u00bb][vc_column_text css=\u00bb.vc_custom_1496980549998{background-position: 0 0 !important;background-repeat: no-repeat !important;}\u00bb]El lim\u00f3n Tahiti, o tambi\u00e9n conocido como lim\u00f3n persa tiene una mayor producci\u00f3n en la Costa. Contamos con una producci\u00f3n del 100% durante los meses de octubre hasta abril y de un 30% durante el resto del a\u00f1o. El lim\u00f3n persa es de tama\u00f1o mediano, la pulpa es verde-amarilla y no contiene semillas. La c\u00e1scara presenta una coloraci\u00f3n verde, desde tonalidades intensas hasta claras. El peso promedio del fruto es de 76 g. La fruta se despacha en contenedores de 40&#8242; con 20 pallets de 70 a 63 cajas cada uno, dependiendo de los requerimientos del cliente. El total de cajas por contenedor es de 1400 cajas aprox. En cuanto al empaque de la fruta cada mercado tiene sus preferencias. En el caso de Estados Unidos, la fruta va en cajas de 18,14 Kg. y para Europa se empaca en cajas de 4,5 Kg. Calibres: 110, 150, 175, 200 y 250[\/vc_column_text][\/vc_column_inner][\/vc_row_inner][\/vc_tab][\/vc_tabs][vc_row_inner][vc_column_inner][\/vc_column_inner][\/vc_row_inner][\/vc_column][vc_column width=\u00bb1\/3&#8243;][vc_single_image image=\u00bb10075&#8243; img_size=\u00bbfull\u00bb alignment=\u00bbcenter\u00bb onclick=\u00bbcustom_link\u00bb link=\u00bb?product=limon\u00bb][vc_row_inner css=\u00bb.vc_custom_1495546127736{padding-top: 60px !important;padding-bottom: 60px !important;background-image: url(http:\/\/exportube.com\/wp-content\/uploads\/2017\/05\/limon-para-dejar-de-fumar.jpg?id=10366) !important;}\u00bb][vc_column_inner el_class=\u00bbalignright\u00bb width=\u00bb1\/3&#8243;][\/vc_column_inner][vc_column_inner width=\u00bb1\/3&#8243;][\/vc_column_inner][vc_column_inner width=\u00bb1\/3&#8243;][\/vc_column_inner][\/vc_row_inner][\/vc_column][\/vc_row][vc_row][vc_column][vc_column_text] Disponibilidad ALTA Disponibilidad MEDIA Disponibilidad BAJA No Disponible Ene Feb Mar Abr May Jun Jul Ago Sep Oct Nov Dic [\/vc_column_text][\/vc_column][\/vc_row]<\/p>\n","protected":false},"author":1,"featured_media":0,"parent":0,"menu_order":0,"comment_status":"closed","ping_status":"closed","template":"","meta":{"footnotes":""},"_links":{"self":[{"href":"https:\/\/exportube.com\/index.php?rest_route=\/wp\/v2\/pages\/10362"}],"collection":[{"href":"https:\/\/exportube.com\/index.php?rest_route=\/wp\/v2\/pages"}],"about":[{"href":"https:\/\/exportube.com\/index.php?rest_route=\/wp\/v2\/types\/page"}],"author":[{"embeddable":true,"href":"https:\/\/exportube.com\/index.php?rest_route=\/wp\/v2\/users\/1"}],"replies":[{"embeddable":true,"href":"https:\/\/exportube.com\/index.php?rest_route=%2Fwp%2Fv2%2Fcomments&post=10362"}],"version-history":[{"count":7,"href":"https:\/\/exportube.com\/index.php?rest_route=\/wp\/v2\/pages\/10362\/revisions"}],"predecessor-version":[{"id":10457,"href":"https:\/\/exportube.com\/index.php?rest_route=\/wp\/v2\/pages\/10362\/revisions\/10457"}],"wp:attachment":[{"href":"https:\/\/exportube.com\/index.php?rest_route=%2Fwp%2Fv2%2Fmedia&parent=10362"}],"curies":[{"name":"wp","href":"https:\/\/api.w.org\/{rel}","templated":true}]}}